{"id":1322,"date":"2024-05-29T13:25:52","date_gmt":"2024-05-29T11:25:52","guid":{"rendered":"https:\/\/detrouble.ig-ehealth.ch\/contact\/"},"modified":"2025-11-24T16:12:12","modified_gmt":"2025-11-24T15:12:12","slug":"contact","status":"publish","type":"page","link":"https:\/\/detrouble.ig-ehealth.ch\/fr\/contact\/","title":{"rendered":"Contact"},"content":{"rendered":"\n<div class=\"wp-block-group alignfull is-style-default has-custom-hellpetrol-background-color has-background has-global-padding is-layout-constrained wp-container-core-group-is-layout-09ea9c0c wp-block-group-is-layout-constrained\" style=\"margin-top:0px;margin-bottom:0px;padding-top:var(--wp--preset--spacing--large);padding-right:var(--wp--preset--spacing--medium);padding-bottom:var(--wp--preset--spacing--large);padding-left:var(--wp--preset--spacing--medium)\">\n<div class=\"wp-block-columns alignwide is-layout-flex wp-container-core-columns-is-layout-5f02b5ca wp-block-columns-is-layout-flex\" style=\"margin-top:0px;margin-bottom:0px\">\n<div class=\"wp-block-column is-layout-flow wp-block-column-is-layout-flow\" style=\"flex-basis:50%\">\n<h1 class=\"wp-block-heading\" style=\"padding-bottom:var(--wp--preset--spacing--small)\">Secr\u00e9tariat et demandes des m\u00e9dias<\/h1>\n\n\n\n<p style=\"font-size:clamp(1.011rem, 1.011rem + ((1vw - 0.2rem) * 0.917), 1.55rem);\">Le GI eHealth a pour ambition de r\u00e9pondre de mani\u00e8re comp\u00e9tente et rapide aux demandes des journalistes et des organisations int\u00e9ress\u00e9es. C&rsquo;est avec plaisir que nous vous mettons en contact avec les experts et les personnes cl\u00e9s du domaine de la cybersant\u00e9. <\/p>\n<\/div>\n\n\n\n<div class=\"wp-block-column is-layout-flow wp-block-column-is-layout-flow\" style=\"flex-basis:50%\">\n<figure class=\"wp-block-image size-full is-style-rounded-cover wp-duotone-unset-1\"><img loading=\"lazy\" decoding=\"async\" width=\"640\" height=\"480\" src=\"https:\/\/detrouble.ig-ehealth.ch\/wp-content\/uploads\/2024\/06\/Netzwerk_blaulayer_90\u00b0links-640px.webp\" alt=\"\" class=\"wp-image-186\" style=\"aspect-ratio:3\/2;object-fit:cover\"\/><\/figure>\n<\/div>\n<\/div>\n<\/div>\n\n\n\n<div class=\"wp-block-group alignfull is-style-background-blur has-tertiary-background-color has-background has-global-padding is-layout-constrained wp-container-core-group-is-layout-b6f95558 wp-block-group-is-layout-constrained\" style=\"padding-top:var(--wp--preset--spacing--large);padding-right:0;padding-bottom:var(--wp--preset--spacing--large);padding-left:0\">\n<div class=\"wp-block-group alignwide is-layout-flow wp-block-group-is-layout-flow\" style=\"padding-top:0;padding-right:var(--wp--preset--spacing--medium);padding-bottom:0;padding-left:var(--wp--preset--spacing--medium)\">\n<h3 class=\"wp-block-heading\" style=\"padding-bottom:var(--wp--preset--spacing--small)\">Veuillez adresser vos demandes \u00e0 :<\/h3>\n\n\n\n<div class=\"wp-block-columns is-layout-flex wp-container-core-columns-is-layout-0817b2f9 wp-block-columns-is-layout-flex\" style=\"margin-top:0;margin-bottom:0;padding-top:var(--wp--preset--spacing--small);padding-bottom:var(--wp--preset--spacing--small)\">\n<div class=\"wp-block-column is-layout-flow wp-block-column-is-layout-flow\" style=\"flex-basis:30%\">\n<h4 class=\"wp-block-heading\">GI eHealth<\/h4>\n\n\n\n<p class=\"has-link-color wp-elements-ef25b1c8e44e68bdb436394751f603dc\" style=\"padding-bottom:var(--wp--preset--spacing--medium)\">c\/o K\u00f6hler, St\u00fcdeli &amp; Partner GmbH<br>Amthausgasse 18, 3011 Berne<br> T<a href=\"tel:+41315600025\">+41 31 560 00 25<\/a><\/p>\n<\/div>\n\n\n\n<div class=\"wp-block-column is-layout-flow wp-block-column-is-layout-flow\" style=\"flex-basis:30%\">\n<h4 class=\"wp-block-heading\">Directeur g\u00e9n\u00e9ral<\/h4>\n\n\n\n<p class=\"has-link-color wp-elements-ef3f58bb5e76d8c5d596d51f9a6eb48a\" style=\"margin-bottom:var(--wp--preset--spacing--medium)\"><strong>Walter St\u00fcdeli<\/strong><br><a href=\"mailto:walter.stuedeli@ig-ehealth.ch\" target=\"_blank\" rel=\"noreferrer noopener nofollow\">walter.stuedeli@ig-ehealth.ch<\/a><br><a href=\"tel:+41315600025\">T +41 31 560 00 25<\/a><br><a href=\"tel:+41793302346\">M +41 79 330 23 46<\/a><\/p>\n<\/div>\n\n\n\n<div class=\"wp-block-column is-layout-flow wp-block-column-is-layout-flow\">\n<figure class=\"wp-block-image size-full\" style=\"margin-top:var(--wp--preset--spacing--medium);margin-bottom:var(--wp--preset--spacing--small)\"><img loading=\"lazy\" decoding=\"async\" width=\"380\" height=\"291\" src=\"https:\/\/detrouble.ig-ehealth.ch\/wp-content\/uploads\/2025\/12\/breite-entwicklung-digitaler-anwendungen-im-gesund\u00adheits\u00adwesen.svg\" alt=\"Illustration du d\u00e9veloppement de solutions num\u00e9riques largement applicables dans le secteur de la sant\u00e9\" class=\"wp-image-5121\"\/><\/figure>\n<\/div>\n<\/div>\n\n\n\n<hr class=\"wp-block-separator has-text-color has-base-color has-alpha-channel-opacity has-base-background-color has-background\" style=\"margin-top:var(--wp--preset--spacing--medium);margin-bottom:var(--wp--preset--spacing--medium)\"\/>\n\n\n\n<h3 class=\"wp-block-heading\">Formulaire de contact<\/h3>\n\n\n<style id=\"fluentform-block-custom-styles-16\">.fluentform.fluentform_wrapper_16.ff_guten_block.ff_guten_block-16 .ff-el-form-control, .fluentform.fluentform_wrapper_16.ff_guten_block.ff_guten_block-16 .ff-el-input--content input, .fluentform.fluentform_wrapper_16.ff_guten_block.ff_guten_block-16 .ff-el-input--content textarea, .fluentform.fluentform_wrapper_16.ff_guten_block.ff_guten_block-16 .ff-el-input--content select { padding: 0.5em; }\n.fluentform.fluentform_wrapper_16.ff_guten_block.ff_guten_block-16 .ff-el-input--content input::placeholder, .fluentform.fluentform_wrapper_16.ff_guten_block.ff_guten_block-16 .ff-el-input--content textarea::placeholder { color: #919191; }\n.fluentform.fluentform_wrapper_16.ff_guten_block.ff_guten_block-16 .ff-el-input--content input::placeholder, .fluentform.fluentform_wrapper_16.ff_guten_block.ff_guten_block-16 .ff-el-input--content textarea::placeholder { font-size: 16px; font-weight: 400; }\n.fluentform.fluentform_wrapper_16.ff_guten_block.ff_guten_block-16 .ff_submit_btn_wrapper .ff-btn-submit { padding-top: 0.5em; padding-right: 1em; padding-bottom: 0.5em; padding-left: 1em; }\n.fluentform.fluentform_wrapper_16.ff_guten_block.ff_guten_block-16 .ff_submit_btn_wrapper .ff-btn-submit { color: #ffffff; background-color: #993333; font-size: 16px; font-weight: 400; line-height: 1.6; text-transform: none; }\n.fluentform.fluentform_wrapper_16.ff_guten_block.ff_guten_block-16 .ff_submit_btn_wrapper .ff-btn-submit:hover { padding-top: 0.5em; padding-right: 1em; padding-bottom: 0.5em; padding-left: 1em; }\n.fluentform.fluentform_wrapper_16.ff_guten_block.ff_guten_block-16 .ff_submit_btn_wrapper .ff-btn-submit:hover { background-color: #487c96; }\n<\/style><div class='fluentform ff-inherit-theme-style fluentform_wrapper_16  ff_guten_block ff_guten_block-16'><form data-form_id=\"16\" id=\"fluentform_16\" class=\"frm-fluent-form fluent_form_16 ff-el-form-top ff_form_instance_16_1 ff-form-loading ffs_inherit_theme\" data-form_instance=\"ff_form_instance_16_1\" method=\"POST\" ><fieldset  style=\"border: none!important;margin: 0!important;padding: 0!important;background-color: transparent!important;box-shadow: none!important;outline: none!important; min-inline-size: 100%;\">\n                    <legend class=\"ff_screen_reader_title\" style=\"display: block; margin: 0!important;padding: 0!important;height: 0!important;text-indent: -999999px;width: 0!important;overflow:hidden;\">Kontaktformular-IG-eHealth franz\u00f6sisch<\/legend><input type='hidden' name='__fluent_form_embded_post_id' value='1322' \/><input type=\"hidden\" id=\"_fluentform_16_fluentformnonce\" name=\"_fluentform_16_fluentformnonce\" value=\"8bc8c39f38\" \/><input type=\"hidden\" name=\"_wp_http_referer\" value=\"\/fr\/wp-json\/wp\/v2\/pages\/1322\" \/><div data-type=\"name-element\" data-name=\"names\" class=\" ff-field_container ff-name-field-wrapper\" ><div class='ff-t-container'><div class='ff-t-cell '><div class='ff-el-group  ff-el-form-top'><div class=\"ff-el-input--label ff-el-is-required asterisk-right\"><label for='ff_16_names_first_name_' id='label_ff_16_names_first_name_' >pr\u00e9nom<\/label><\/div><div class='ff-el-input--content'><input type=\"text\" name=\"names[first_name]\" id=\"ff_16_names_first_name_\" class=\"ff-el-form-control\" placeholder=\"votre pr\u00e9nom\" tabindex=\"1\" aria-invalid=\"false\" aria-required=true><\/div><\/div><\/div><div class='ff-t-cell '><div class='ff-el-group  ff-el-form-top'><div class=\"ff-el-input--label ff-el-is-required asterisk-right\"><label for='ff_16_names_last_name_' id='label_ff_16_names_last_name_' >nom<\/label><\/div><div class='ff-el-input--content'><input type=\"text\" name=\"names[last_name]\" id=\"ff_16_names_last_name_\" class=\"ff-el-form-control\" placeholder=\"votre nom\" tabindex=\"2\" aria-invalid=\"false\" aria-required=true><\/div><\/div><\/div><\/div><\/div><div data-name=\"ff_cn_id_1\"  class='ff-t-container ff-column-container ff_columns_total_2 '><div class='ff-t-cell ff-t-column-1' style='flex-basis: 50%;'><div class='ff-el-group'><div class=\"ff-el-input--label ff-el-is-required asterisk-right\"><label for='ff_16_courriel_1' id='label_ff_16_courriel_1' aria-label=\"courriel\">courriel<\/label><\/div><div class='ff-el-input--content'><input type=\"email\" name=\"courriel_1\" id=\"ff_16_courriel_1\" class=\"ff-el-form-control\" placeholder=\"votre courriel\" data-name=\"courriel_1\" tabindex=\"3\"  aria-invalid=\"false\" aria-required=true><\/div><\/div><\/div><div class='ff-t-cell ff-t-column-2' style='flex-basis: 50%;'><div class='ff-el-group'><div class=\"ff-el-input--label asterisk-right\"><label for='ff_16_description_1' id='label_ff_16_description_1' aria-label=\"votre demande ou communication\">votre demande ou communication<\/label><\/div><div class='ff-el-input--content'><textarea aria-required=\"false\" aria-labelledby=\"label_ff_16_description_1\" name=\"description_1\" id=\"ff_16_description_1\" class=\"ff-el-form-control\" placeholder=\"\u00c9crivez-nous !\" rows=\"3\" cols=\"2\" data-name=\"description_1\" tabindex=\"4\" ><\/textarea><\/div><\/div><div class='ff-el-group  ff-custom_html' tabindex='-1' data-name=\"custom_html-16_1\" ><p>Notre <a href=\"https:\/\/detrouble.ig-ehealth.ch\/fr\/declaration-de-confidentialite\/\">d\u00e9claration de confidentialit\u00e9<\/a> s&rsquo;applique<\/p><\/div><\/div><\/div><div class='ff-el-group ff-text-right ff_submit_btn_wrapper'><button type=\"submit\" class=\"ff-btn ff-btn-submit ff-btn-lg ff_btn_no_style wpf_has_custom_css\" tabindex=\"5\"  aria-label=\"Envoyer le message\">Envoyer le message<\/button><\/div><\/fieldset><\/form><div id='fluentform_16_errors' class='ff-errors-in-stack ff_form_instance_16_1 ff-form-loading_errors ff_form_instance_16_1_errors'><\/div><\/div>            <script type=\"text\/javascript\">\n                window.fluent_form_ff_form_instance_16_1 = {\"id\":\"16\",\"ajaxUrl\":\"https:\\\/\\\/detrouble.ig-ehealth.ch\\\/wp-admin\\\/admin-ajax.php\",\"settings\":{\"layout\":{\"labelPlacement\":\"top\",\"helpMessagePlacement\":\"with_label\",\"errorMessagePlacement\":\"inline\",\"asteriskPlacement\":\"asterisk-right\"},\"restrictions\":{\"denyEmptySubmission\":{\"enabled\":false}}},\"form_instance\":\"ff_form_instance_16_1\",\"form_id_selector\":\"fluentform_16\",\"rules\":{\"names[first_name]\":{\"required\":{\"value\":true,\"message\":\"Bitte tragen Sie Ihren Vornamen ein\",\"global\":false,\"global_message\":\"Dieses Feld ist erforderlich\"}},\"names[middle_name]\":{\"required\":{\"value\":false,\"message\":\"Dieses Feld ist erforderlich\",\"global\":false,\"global_message\":\"Dieses Feld ist erforderlich\"}},\"names[last_name]\":{\"required\":{\"value\":true,\"message\":\"Veuillez entrer votre nom de famille\",\"global\":false,\"global_message\":\"Dieses Feld ist erforderlich\"}},\"courriel_1\":{\"required\":{\"value\":true,\"message\":\"Diese Angabe ist erforderlich\",\"global\":false,\"global_message\":\"Dieses Feld ist erforderlich\"},\"email\":{\"value\":true,\"message\":\"Ce cadre doit contenir une adresse e-mail valide.\",\"global\":false,\"global_message\":\"Dieses Feld muss eine g\\u00fcltige E-Mail-Adresse enthalten\"}},\"description_1\":{\"required\":{\"value\":false,\"message\":\"Dieses Feld ist erforderlich\",\"global\":false,\"global_message\":\"Dieses Feld ist erforderlich\"}}},\"debounce_time\":300};\n                            <\/script>\n            <\/div>\n<\/div>\n","protected":false},"excerpt":{"rendered":"<p>Secr\u00e9tariat et demandes des m\u00e9dias Le GI eHealth a pour ambition de r\u00e9pondre de mani\u00e8re comp\u00e9tente et rapide aux demandes des journalistes et des organisations int\u00e9ress\u00e9es. C&rsquo;est avec plaisir que nous vous mettons en contact avec les experts et les personnes cl\u00e9s du domaine de la cybersant\u00e9. Veuillez adresser vos demandes \u00e0 : GI eHealth [&hellip;]<\/p>\n","protected":false},"author":1,"featured_media":0,"parent":0,"menu_order":50,"comment_status":"closed","ping_status":"closed","template":"page-no-title","meta":{"footnotes":""},"class_list":["post-1322","page","type-page","status-publish","hentry"],"_links":{"self":[{"href":"https:\/\/detrouble.ig-ehealth.ch\/fr\/wp-json\/wp\/v2\/pages\/1322","targetHints":{"allow":["GET"]}}],"collection":[{"href":"https:\/\/detrouble.ig-ehealth.ch\/fr\/wp-json\/wp\/v2\/pages"}],"about":[{"href":"https:\/\/detrouble.ig-ehealth.ch\/fr\/wp-json\/wp\/v2\/types\/page"}],"author":[{"embeddable":true,"href":"https:\/\/detrouble.ig-ehealth.ch\/fr\/wp-json\/wp\/v2\/users\/1"}],"replies":[{"embeddable":true,"href":"https:\/\/detrouble.ig-ehealth.ch\/fr\/wp-json\/wp\/v2\/comments?post=1322"}],"version-history":[{"count":20,"href":"https:\/\/detrouble.ig-ehealth.ch\/fr\/wp-json\/wp\/v2\/pages\/1322\/revisions"}],"predecessor-version":[{"id":5180,"href":"https:\/\/detrouble.ig-ehealth.ch\/fr\/wp-json\/wp\/v2\/pages\/1322\/revisions\/5180"}],"wp:attachment":[{"href":"https:\/\/detrouble.ig-ehealth.ch\/fr\/wp-json\/wp\/v2\/media?parent=1322"}],"curies":[{"name":"wp","href":"https:\/\/api.w.org\/{rel}","templated":true}]}}