{"id":1331,"date":"2024-05-29T12:35:40","date_gmt":"2024-05-29T10:35:40","guid":{"rendered":"https:\/\/detrouble.ig-ehealth.ch\/groupes-de-travail\/"},"modified":"2026-02-07T14:26:59","modified_gmt":"2026-02-07T13:26:59","slug":"groupes-de-travail","status":"publish","type":"page","link":"https:\/\/detrouble.ig-ehealth.ch\/fr\/organisation\/groupes-de-travail\/","title":{"rendered":"Groupes de travail"},"content":{"rendered":"\n<div class=\"wp-block-group alignfull has-custom-hellpetrol-background-color has-background has-global-padding is-layout-constrained wp-container-core-group-is-layout-82939d53 wp-block-group-is-layout-constrained\" style=\"margin-top:0;margin-bottom:0;padding-top:var(--wp--preset--spacing--large);padding-right:var(--wp--preset--spacing--50);padding-bottom:var(--wp--preset--spacing--large);padding-left:var(--wp--preset--spacing--50)\">\n<div class=\"wp-block-columns alignwide is-layout-flex wp-container-core-columns-is-layout-eed4adda wp-block-columns-is-layout-flex tw-block-animation tw-animation-fade-in-up\">\n<div class=\"wp-block-column is-layout-flow wp-block-column-is-layout-flow\" style=\"flex-basis:50%\">\n<h2 class=\"wp-block-heading\">La mise en r\u00e9seau num\u00e9rique favorise l&rsquo;innovation et le d\u00e9veloppement de nouvelles solutions num\u00e9riques dans le secteur de la sant\u00e9 : plus de concurrence, plus de transparence et plus de b\u00e9n\u00e9fices pour la soci\u00e9t\u00e9.<\/h2>\n<\/div>\n\n\n\n<div class=\"wp-block-column is-layout-flow wp-block-column-is-layout-flow\" style=\"flex-basis:50%\">\n<figure class=\"wp-block-image size-full is-style-rounded wp-duotone-varpresetduotoneduotone-1-1\"><img loading=\"lazy\" decoding=\"async\" width=\"640\" height=\"480\" src=\"https:\/\/detrouble.ig-ehealth.ch\/wp-content\/uploads\/2024\/06\/cdc-Omo_QaQChIM-blau-hartes-licht-640x480px-enger-.webp\" alt=\"\" class=\"wp-image-182\" style=\"aspect-ratio:3\/2;object-fit:cover\"\/><\/figure>\n<\/div>\n<\/div>\n<\/div>\n\n<div class=\"wp-block-group alignfull has-tertiary-background-color has-background is-layout-flow wp-block-group-is-layout-flow\" style=\"padding-top:var(--wp--preset--spacing--large);padding-right:var(--wp--preset--spacing--medium);padding-bottom:var(--wp--preset--spacing--large);padding-left:var(--wp--preset--spacing--medium)\">\n<div class=\"wp-block-group alignfull has-global-padding is-layout-constrained wp-block-group-is-layout-constrained\">\n<div class=\"wp-block-columns alignwide are-vertically-aligned-bottom is-layout-flex wp-container-core-columns-is-layout-9fe7d499 wp-block-columns-is-layout-flex\" style=\"padding-bottom:var(--wp--preset--spacing--small)\">\n<div class=\"wp-block-column is-vertically-aligned-bottom is-layout-flow wp-block-column-is-layout-flow\">\n<h1 class=\"wp-block-heading\">Groupes de travail GI eHealth<\/h1>\n<\/div>\n<\/div>\n\n\n\n<div class=\"wp-block-group alignwide is-layout-flow wp-block-group-is-layout-flow\">\n<hr class=\"wp-block-separator has-text-color has-base-color has-alpha-channel-opacity has-base-background-color has-background is-style-wide\" style=\"height: 2px;margin-top:0;margin-bottom:var(--wp--preset--spacing--medium)\"\/>\n\n\n\n<div class=\"wp-block-columns is-layout-flex wp-container-core-columns-is-layout-d0b3c9c8 wp-block-columns-is-layout-flex\">\n<div class=\"wp-block-column is-layout-flow wp-block-column-is-layout-flow\" style=\"flex-basis:40%\">\n<h4 class=\"wp-block-heading has-custom-petrol-color has-text-color has-link-color wp-elements-506bd18b00cb3283ef96b3cebab0bed6\" style=\"padding-bottom:var(--wp--preset--spacing--medium);line-height:1.4\">Groupes de travail Alliance pour la transformation num\u00e9rique dans le secteur de la sant\u00e9<\/h4>\n<\/div>\n\n\n\n<div class=\"wp-block-column is-layout-flow wp-block-column-is-layout-flow\">\n<p><strong>Groupe de travail DigiSant\u00e9<\/strong><\/p>\n\n\n\n<ul class=\"wp-block-list\">\n<li>Co-direction : Prof. Barbara Biedermann (Cobedix), Mauro Welte (H+) <br\/>Contact Comit\u00e9 GI eHealth : Stefan Wild<\/li>\n<\/ul>\n\n\n\n<p><strong>R\u00e9vision compl\u00e8te de la LDSan<\/strong><\/p>\n\n\n\n<ul class=\"wp-block-list\">\n<li>Co-direction : Esther Kraft (FMH), Walter St\u00fcdeli (GI eHealth)<br\/>Contact Comit\u00e9 GI eHealth : Walter St\u00fcdeli<\/li>\n<\/ul>\n\n\n\n<p><strong>Incitations \u00e9conomiques<\/strong><\/p>\n\n\n\n<ul class=\"wp-block-list\">\n<li>Direction : Fridolin Marty, economiesuisse.  <br\/>Contact comit\u00e9 GI eHealth : Stefan Wild<\/li>\n<\/ul>\n<\/div>\n<\/div>\n<\/div>\n\n\n\n<div class=\"wp-block-group alignwide is-layout-flow wp-block-group-is-layout-flow\">\n<hr class=\"wp-block-separator has-text-color has-base-color has-alpha-channel-opacity has-base-background-color has-background is-style-wide\" style=\"height: 2px;margin-top:0;margin-bottom:var(--wp--preset--spacing--medium)\"\/>\n\n\n\n<div class=\"wp-block-columns is-layout-flex wp-container-core-columns-is-layout-d0b3c9c8 wp-block-columns-is-layout-flex\">\n<div class=\"wp-block-column is-layout-flow wp-block-column-is-layout-flow\" style=\"flex-basis:40%\">\n<h4 class=\"wp-block-heading has-custom-petrol-color has-text-color has-link-color wp-elements-80acff6539ce2e496af0c2c8882fcc9c\" style=\"padding-bottom:var(--wp--preset--spacing--medium);line-height:1.4\">Groupes de travail DigiSant\u00e9<\/h4>\n<\/div>\n\n\n\n<div class=\"wp-block-column is-layout-flow wp-block-column-is-layout-flow\">\n<p><strong>Comit\u00e9 de branche DigiSant\u00e9<\/strong><\/p>\n\n\n\n<ul class=\"wp-block-list\">\n<li>Stefan Wild, co-responsable du comit\u00e9 de branche (repr\u00e9sentation officielle\/contact comit\u00e9 GI eHealth) \/ Anna Winter (suppl\u00e9ante)<\/li>\n<\/ul>\n\n\n\n<p><strong>Groupe sp\u00e9cialis\u00e9 dans la gestion des donn\u00e9es dans le secteur de la sant\u00e9<\/strong><\/p>\n\n\n\n<ul class=\"wp-block-list\">\n<li>Martin R\u00fcfenacht, Grapevine World GmbH (repr\u00e9sentation officielle\/contact comit\u00e9 directeur GI eHealth)<\/li>\n<\/ul>\n<\/div>\n<\/div>\n<\/div>\n\n\n\n<div class=\"wp-block-group alignwide is-layout-flow wp-block-group-is-layout-flow\">\n<hr class=\"wp-block-separator has-text-color has-base-color has-alpha-channel-opacity has-base-background-color has-background is-style-wide\" style=\"height: 2px;margin-top:0;margin-bottom:var(--wp--preset--spacing--medium)\"\/>\n\n\n\n<div class=\"wp-block-columns is-layout-flex wp-container-core-columns-is-layout-d0b3c9c8 wp-block-columns-is-layout-flex\">\n<div class=\"wp-block-column is-layout-flow wp-block-column-is-layout-flow\" style=\"flex-basis:40%\">\n<h4 class=\"wp-block-heading has-custom-petrol-color has-text-color has-link-color wp-elements-95c4a3ce06f302a5dde159b9efe83d49\" style=\"padding-bottom:var(--wp--preset--spacing--medium);line-height:1.4\">Groupes de travail eHealthSuisse<\/h4>\n\n\n\n<figure class=\"wp-block-image aligncenter size-full is-resized\"><img decoding=\"async\" src=\"https:\/\/detrouble.ig-ehealth.ch\/wp-content\/uploads\/2025\/11\/entwicklung-neuer-digitaler-anwendungen-im-gesund&#xAD;heits&#xAD;wesen.svg\" alt=\"Illustration de l'application universelle de la transmission s&#xE9;curis&#xE9;e des donn&#xE9;es dans le domaine de la sant&#xE9;\" class=\"wp-image-5047\" style=\"width:425px;height:auto\"\/><\/figure>\n\n\n\n<div style=\"height:25px\" aria-hidden=\"true\" class=\"wp-block-spacer tw-md-hidden tw-lg-hidden\"><\/div>\n<\/div>\n\n\n\n<div class=\"wp-block-column is-layout-flow wp-block-column-is-layout-flow\">\n<p>Les membres suivants du GI eHealth sont d\u00e9l\u00e9gu\u00e9s dans les groupes de travail d&rsquo;eHealth Suisse, le centre de comp\u00e9tence et de coordination de la Conf\u00e9d\u00e9ration et des cantons (\u00e9tat du rapport d&rsquo;activit\u00e9 eHealthSuisse 2022) :<\/p>\n\n\n\n<h4 class=\"wp-block-heading has-medium-font-size\" style=\"margin-top:0;margin-bottom:0;padding-top:var(--wp--preset--spacing--medium);padding-bottom:0;line-height:1.5\">\u00ab Conseil consultatif des r\u00e9alisateurs et des utilisateurs \u00bb d&rsquo;eHealthSuisse<\/h4>\n\n\n\n<ul class=\"wp-block-list\">\n<li style=\"margin-top:0;margin-bottom:0\">Walter St\u00fcdeli, GI eHealth (ex officio en tant que directeur du GI eHealth)<\/li>\n<\/ul>\n\n\n\n<h4 class=\"wp-block-heading has-medium-font-size\" style=\"margin-top:0;margin-bottom:0;padding-top:var(--wp--preset--spacing--medium);padding-bottom:0\">Groupe de coordination de l&rsquo;\u00e9ducation<\/h4>\n\n\n\n<ul class=\"wp-block-list\">\n<li style=\"margin-top:0;margin-bottom:0;padding-top:0;padding-bottom:0\">Jonathan Meier, Healthinal<\/li>\n<\/ul>\n\n\n\n<h4 class=\"wp-block-heading has-medium-font-size\" style=\"margin-top:0;margin-bottom:0;padding-top:var(--wp--preset--spacing--medium);padding-bottom:0\">Groupe de coordination de la communication<\/h4>\n\n\n\n<ul class=\"wp-block-list\">\n<li style=\"margin-top:0;margin-bottom:0;padding-top:0;padding-bottom:0\">Max Winiger, Next AG pour la communication<\/li>\n<\/ul>\n\n\n\n<h4 class=\"wp-block-heading has-medium-font-size\" style=\"margin-top:0;margin-bottom:0;padding-top:var(--wp--preset--spacing--medium);padding-bottom:0\">Groupe de coordination mHealth<\/h4>\n\n\n\n<ul class=\"wp-block-list\">\n<li style=\"margin-top:0;margin-bottom:0;padding-top:0;padding-bottom:0\">Walter St\u00fcdeli<\/li>\n<\/ul>\n\n\n\n<h4 class=\"wp-block-heading has-medium-font-size\" id=\"cc-m-header-10986072095\" style=\"margin-top:0;margin-bottom:0;padding-top:var(--wp--preset--spacing--medium);padding-bottom:0;line-height:1.5\">Groupe de travail technico-s\u00e9mantique <br\/>Int\u00e9gration<\/h4>\n\n\n\n<ul class=\"wp-block-list\">\n<li>Marco Studer, Cistec<\/li>\n\n\n\n<li>Bruno M\u00e4der, x-tention<\/li>\n\n\n\n<li>Jost T\u00f6dtli, toedtliconsulting<\/li>\n\n\n\n<li>Philippe Heer, ELCA<\/li>\n\n\n\n<li>Neslihan Sali, HCI-Solutions<\/li>\n\n\n\n<li>Alexander R\u00f6ck, Synedra<\/li>\n\n\n\n<li style=\"margin-top:0;margin-bottom:0\">Dmytro Rud, Adesso<\/li>\n<\/ul>\n\n\n\n<h4 class=\"wp-block-heading has-medium-font-size\" style=\"margin-top:0;margin-bottom:0;padding-top:var(--wp--preset--spacing--medium);padding-bottom:0\">Groupe de travail sur les m\u00e9tadonn\u00e9es<\/h4>\n\n\n\n<ul class=\"wp-block-list\">\n<li style=\"margin-top:0;margin-bottom:0;padding-top:0;padding-bottom:0\">Mischa Rickli, La Poste Suisse<\/li>\n<\/ul>\n\n\n\n<h4 class=\"wp-block-heading has-medium-font-size\" style=\"margin-top:0;margin-bottom:0;padding-top:var(--wp--preset--spacing--medium);padding-bottom:0\">Groupe d&rsquo;int\u00e9r\u00eat Snomed<\/h4>\n\n\n\n<ul class=\"wp-block-list\">\n<li>Stefan Buser, OFAC<\/li>\n\n\n\n<li>Daniel Ratschiller, Cistec AG<\/li>\n<\/ul>\n<\/div>\n<\/div>\n<\/div>\n\n\n\n<div class=\"wp-block-group alignwide is-layout-flow wp-block-group-is-layout-flow\">\n<hr class=\"wp-block-separator has-text-color has-base-color has-alpha-channel-opacity has-base-background-color has-background is-style-wide\" style=\"height: 2px;margin-top:0;margin-bottom:var(--wp--preset--spacing--medium)\"\/>\n\n\n\n<div class=\"wp-block-columns is-layout-flex wp-container-core-columns-is-layout-d0b3c9c8 wp-block-columns-is-layout-flex\">\n<div class=\"wp-block-column is-layout-flow wp-block-column-is-layout-flow\" style=\"flex-basis:40%\">\n<h4 class=\"wp-block-heading has-custom-petrol-color has-text-color has-link-color wp-elements-6b8e7e016215af993d608fe42dc0864b\" style=\"margin-top:0;margin-bottom:0;padding-top:0;padding-bottom:var(--wp--preset--spacing--medium);line-height:1.4\">Autres groupes d&rsquo;experts<\/h4>\n<\/div>\n\n\n\n<div class=\"wp-block-column is-layout-flow wp-block-column-is-layout-flow\">\n<h4 class=\"wp-block-heading has-medium-font-size\" style=\"margin-top:0;margin-bottom:0;padding-top:0;padding-bottom:0\">Comit\u00e9 consultatif InfosocietyDays<\/h4>\n\n\n\n<ul class=\"wp-block-list\">\n<li style=\"margin-top:0;margin-bottom:0\">Stefan Wild, Gesundheit Netzwerk Politik<\/li>\n<\/ul>\n\n\n\n<h4 class=\"wp-block-heading has-medium-font-size\" style=\"margin-top:0;margin-bottom:0;padding-top:var(--wp--preset--spacing--medium);padding-bottom:0\">Comit\u00e9 consultatif de la fondation Refdata<\/h4>\n\n\n\n<ul class=\"wp-block-list\">\n<li style=\"margin-top:0;margin-bottom:0\">Anna WInter, Indema AG<\/li>\n<\/ul>\n\n\n\n<h4 class=\"wp-block-heading has-medium-font-size\" style=\"margin-top:0;margin-bottom:0;padding-top:var(--wp--preset--spacing--medium);padding-bottom:0\">Comit\u00e9 consultatif du salon IFAS<\/h4>\n\n\n\n<ul class=\"wp-block-list\">\n<li>Martin R\u00fcfenacht, Grapevine World GmbH<\/li>\n<\/ul>\n<\/div>\n<\/div>\n\n\n\n<hr class=\"wp-block-separator has-text-color has-base-color has-alpha-channel-opacity has-base-background-color has-background is-style-wide\" style=\"height: 2px;margin-top:var(--wp--preset--spacing--small);margin-bottom:var(--wp--preset--spacing--medium)\"\/>\n\n\n\n<div class=\"wp-block-group is-style-default has-global-padding is-layout-constrained wp-block-group-is-layout-constrained\">\n<div class=\"wp-block-buttons has-custom-font-size is-content-justification-center is-layout-flex wp-container-core-buttons-is-layout-4bf97cba wp-block-buttons-is-layout-flex\" style=\"padding-top:var(--wp--preset--spacing--small);padding-bottom:var(--wp--preset--spacing--small);font-size:clamp(0.901rem, 0.901rem + ((1vw - 0.2rem) * 0.764), 1.35rem);\">\n<div class=\"wp-block-button\"><a class=\"wp-block-button__link wp-element-button\" href=\"https:\/\/detrouble.ig-ehealth.ch\/fr\/organisation\/\">retour \u00e0 Organisation \u2191<\/a><\/div>\n<\/div>\n<\/div>\n<\/div>\n<\/div>\n<\/div>\n","protected":false},"excerpt":{"rendered":"<p>La mise en r\u00e9seau num\u00e9rique favorise l&rsquo;innovation et le d\u00e9veloppement de nouvelles solutions num\u00e9riques dans le secteur de la sant\u00e9 : plus de concurrence, plus de transparence et plus de b\u00e9n\u00e9fices pour la soci\u00e9t\u00e9. Groupes de travail GI eHealth Groupes de travail Alliance pour la transformation num\u00e9rique dans le secteur de la sant\u00e9 Groupe de [&hellip;]<\/p>\n","protected":false},"author":1,"featured_media":0,"parent":1333,"menu_order":22,"comment_status":"closed","ping_status":"closed","template":"page-no-title","meta":{"footnotes":""},"class_list":["post-1331","page","type-page","status-publish","hentry"],"_links":{"self":[{"href":"https:\/\/detrouble.ig-ehealth.ch\/fr\/wp-json\/wp\/v2\/pages\/1331","targetHints":{"allow":["GET"]}}],"collection":[{"href":"https:\/\/detrouble.ig-ehealth.ch\/fr\/wp-json\/wp\/v2\/pages"}],"about":[{"href":"https:\/\/detrouble.ig-ehealth.ch\/fr\/wp-json\/wp\/v2\/types\/page"}],"author":[{"embeddable":true,"href":"https:\/\/detrouble.ig-ehealth.ch\/fr\/wp-json\/wp\/v2\/users\/1"}],"replies":[{"embeddable":true,"href":"https:\/\/detrouble.ig-ehealth.ch\/fr\/wp-json\/wp\/v2\/comments?post=1331"}],"version-history":[{"count":20,"href":"https:\/\/detrouble.ig-ehealth.ch\/fr\/wp-json\/wp\/v2\/pages\/1331\/revisions"}],"predecessor-version":[{"id":5369,"href":"https:\/\/detrouble.ig-ehealth.ch\/fr\/wp-json\/wp\/v2\/pages\/1331\/revisions\/5369"}],"up":[{"embeddable":true,"href":"https:\/\/detrouble.ig-ehealth.ch\/fr\/wp-json\/wp\/v2\/pages\/1333"}],"wp:attachment":[{"href":"https:\/\/detrouble.ig-ehealth.ch\/fr\/wp-json\/wp\/v2\/media?parent=1331"}],"curies":[{"name":"wp","href":"https:\/\/api.w.org\/{rel}","templated":true}]}}