{"id":1333,"date":"2024-05-29T13:22:30","date_gmt":"2024-05-29T11:22:30","guid":{"rendered":"https:\/\/detrouble.ig-ehealth.ch\/organisation\/"},"modified":"2026-02-09T11:46:03","modified_gmt":"2026-02-09T10:46:03","slug":"organisation","status":"publish","type":"page","link":"https:\/\/detrouble.ig-ehealth.ch\/fr\/organisation\/","title":{"rendered":"Organisation"},"content":{"rendered":"\n<div class=\"wp-block-group alignfull has-custom-hellpetrol-background-color has-background has-global-padding is-layout-constrained wp-container-core-group-is-layout-82939d53 wp-block-group-is-layout-constrained\" style=\"margin-top:0;margin-bottom:0;padding-top:var(--wp--preset--spacing--large);padding-right:var(--wp--preset--spacing--50);padding-bottom:var(--wp--preset--spacing--large);padding-left:var(--wp--preset--spacing--50)\">\n<div class=\"wp-block-columns alignwide is-layout-flex wp-container-core-columns-is-layout-eed4adda wp-block-columns-is-layout-flex tw-block-animation tw-animation-fade-in-up\">\n<div class=\"wp-block-column is-layout-flow wp-block-column-is-layout-flow\" style=\"flex-basis:50%\">\n<div class=\"wp-block-cover is-style-rounded-cover tw-sm-hidden wp-duotone-unset-1\" style=\"min-height:340px;aspect-ratio:unset;\"><img loading=\"lazy\" decoding=\"async\" width=\"640\" height=\"480\" sizes=\"auto, (max-width: 799px) 200vw, (max-width: 640px) 100vw, 640px\" class=\"wp-block-cover__image-background wp-image-187\" alt=\"\" src=\"https:\/\/detrouble.ig-ehealth.ch\/wp-content\/uploads\/2024\/06\/Netzwerk_blaulayer_linksoben-640px.webp\" data-object-fit=\"cover\"\/><span aria-hidden=\"true\" class=\"wp-block-cover__background has-background-dim-0 has-background-dim\" style=\"background-color:#3f6d92\"><\/span><div class=\"wp-block-cover__inner-container is-layout-flow wp-block-cover-is-layout-flow\">\n<p class=\"has-text-align-center has-large-font-size\"><\/p>\n<\/div><\/div>\n<\/div>\n\n\n\n<div class=\"wp-block-column is-vertically-aligned-center is-layout-flow wp-block-column-is-layout-flow\" style=\"flex-basis:50%\">\n<h2 class=\"wp-block-heading\" style=\"font-size:clamp(1.25rem, 1.25rem + ((1vw - 0.2rem) * 1.277), 2rem);\">Les organes du GI eHealth sont responsables de la strat\u00e9gie et de sa mise en \u0153uvre.<\/h2>\n<\/div>\n<\/div>\n<\/div>\n\n<div class=\"wp-block-group alignfull has-tertiary-background-color has-background has-global-padding is-layout-constrained wp-container-core-group-is-layout-1c476759 wp-block-group-is-layout-constrained\" style=\"padding-top:var(--wp--preset--spacing--medium);padding-right:var(--wp--preset--spacing--large);padding-bottom:var(--wp--preset--spacing--medium);padding-left:var(--wp--preset--spacing--large)\">\n<div class=\"wp-block-columns alignwide tw-cols-stack-md is-layout-flex wp-container-core-columns-is-layout-db3060a9 wp-block-columns-is-layout-flex\">\n<div class=\"wp-block-column is-layout-flow wp-block-column-is-layout-flow\" style=\"flex-basis:100%\">\n<div class=\"wp-block-columns are-vertically-aligned-bottom is-layout-flex wp-container-core-columns-is-layout-d0b3c9c8 wp-block-columns-is-layout-flex\">\n<div class=\"wp-block-column is-vertically-aligned-bottom is-layout-flow wp-block-column-is-layout-flow\">\n<h1 class=\"wp-block-heading\">Organisation GI eHealth<\/h1>\n<\/div>\n<\/div>\n\n\n\n<div class=\"wp-block-group alignwide is-layout-flow wp-block-group-is-layout-flow\" style=\"padding-top:0\">\n<hr style=\"height: 2px;\" class=\"wp-block-separator has-text-color has-base-color has-alpha-channel-opacity has-base-background-color has-background is-style-wide\"\/>\n\n\n\n<div class=\"wp-block-columns is-layout-flex wp-container-core-columns-is-layout-47163cb6 wp-block-columns-is-layout-flex\" style=\"padding-top:var(--wp--preset--spacing--small)\">\n<div class=\"wp-block-column is-layout-flow wp-block-column-is-layout-flow\" style=\"flex-basis:35%\">\n<h3 class=\"wp-block-heading\">Pr\u00e9sidence et comit\u00e9 directeur<\/h3>\n\n\n\n<div style=\"height:10px\" aria-hidden=\"true\" class=\"wp-block-spacer\"><\/div>\n\n\n\n<figure class=\"wp-block-image aligncenter size-full is-resized\" style=\"margin-top:var(--wp--preset--spacing--medium);margin-bottom:var(--wp--preset--spacing--medium)\"><img loading=\"lazy\" decoding=\"async\" width=\"309\" height=\"324\" src=\"https:\/\/detrouble.ig-ehealth.ch\/wp-content\/uploads\/2025\/11\/unterstuetzung-von-politik-und-behoerden-mit-expertise.svg\" alt=\"Repr&#xE9;sentation symbolique de la mise en r&#xE9;seau et de la transmission s&#xE9;curis&#xE9;e des donn&#xE9;es num&#xE9;riques dans le domaine de la sant&#xE9;\" class=\"wp-image-5045\" style=\"width:350px;height:auto\"\/><\/figure>\n<\/div>\n\n\n\n<div class=\"wp-block-column is-layout-flow wp-block-column-is-layout-flow\">\n<ul class=\"wp-block-list\">\n<li>Anna Winter, pr\u00e9sidente, Indema SA<\/li>\n\n\n\n<li>Martin R\u00fcfenacht, vice-pr\u00e9sident, Grapewine World S\u00e0rl<\/li>\n\n\n\n<li>Thomas B\u00e4hler, x-tention Informationstechnologie SA<\/li>\n\n\n\n<li>Tim Dorner, repr\u00e9sentant healthinal SA<\/li>\n\n\n\n<li>Silvio Frey, Detecon SA<\/li>\n\n\n\n<li>Klaus Frommer, Swisscom SA<\/li>\n\n\n\n<li>Ralf Klappert, adesso Schweiz SA<\/li>\n\n\n\n<li>Simone Matt, ELCA Informatique SA<\/li>\n\n\n\n<li>Robert Meyer, MediData SA<\/li>\n\n\n\n<li>Julian Sgier, Galenica SA<\/li>\n\n\n\n<li>Martin Wegm\u00fcller, La Poste Suisse SA<\/li>\n\n\n\n<li>Stefan Wild, Gesundheit Netzwerk Politik<\/li>\n<\/ul>\n<\/div>\n<\/div>\n<\/div>\n\n\n\n<div class=\"wp-block-group alignwide is-layout-flow wp-block-group-is-layout-flow\">\n<hr style=\"height: 2px;\" class=\"wp-block-separator has-text-color has-base-color has-alpha-channel-opacity has-base-background-color has-background is-style-wide\"\/>\n\n\n\n<div class=\"wp-block-columns is-layout-flex wp-container-core-columns-is-layout-47163cb6 wp-block-columns-is-layout-flex\" style=\"padding-top:var(--wp--preset--spacing--small)\">\n<div class=\"wp-block-column is-layout-flow wp-block-column-is-layout-flow\" style=\"flex-basis:35%\">\n<h3 class=\"wp-block-heading\" style=\"padding-bottom:var(--wp--preset--spacing--medium)\">Ressorts Conseil d&rsquo;administration<\/h3>\n<\/div>\n\n\n\n<div class=\"wp-block-column is-layout-flow wp-block-column-is-layout-flow\">\n<ul class=\"wp-block-list\">\n<li><strong>Ressort D\u00e9veloppement strat\u00e9gique :<\/strong> Silvio Frey (direction), Ralf Klappert, Simone Matt, Robert Meyer, Martin Wegm\u00fcller, Anna Winter<\/li>\n\n\n\n<li><strong>Ressort Projets f\u00e9d\u00e9raux, DigiSant\u00e9 &amp; Groupe sp\u00e9cialis\u00e9 dans la gestion des donn\u00e9es :<\/strong> Martin R\u00fcfenacht (membre du FGDM), Stefan Wild (membre du comit\u00e9 sectoriel DigiSant\u00e9), Anna Winter (membre suppl\u00e9ant du comit\u00e9 sectoriel),<\/li>\n\n\n\n<li><strong>Ressort LDEP : <\/strong>Tim Dorner (direction), Klaus Frommer, Simone Matt, Martin Wegm\u00fcller, Walter St\u00fcdeli<\/li>\n\n\n\n<li><strong>Ressort Politique &amp; Autorit\u00e9s, <\/strong>Stefan Wild (direction), Simone Matt, Ralf Klappert, Walter St\u00fcdeli<\/li>\n<\/ul>\n<\/div>\n<\/div>\n<\/div>\n\n\n\n<div class=\"wp-block-group alignwide is-layout-flow wp-block-group-is-layout-flow\" style=\"padding-top:0\">\n<hr style=\"height: 2px;\" class=\"wp-block-separator has-text-color has-base-color has-alpha-channel-opacity has-base-background-color has-background is-style-wide\"\/>\n<\/div>\n\n\n\n<div class=\"wp-block-columns is-layout-flex wp-container-core-columns-is-layout-e3195462 wp-block-columns-is-layout-flex\" style=\"padding-top:var(--wp--preset--spacing--small);padding-bottom:var(--wp--preset--spacing--small)\">\n<div class=\"wp-block-column is-layout-flow wp-block-column-is-layout-flow\" style=\"flex-basis:38%\">\n<h3 class=\"wp-block-heading\">S\u00e9cr\u00e9tariat g\u00e9n\u00e9ral<\/h3>\n<\/div>\n\n\n\n<div class=\"wp-block-column is-layout-flow wp-block-column-is-layout-flow\">\n<h4 class=\"wp-block-heading\">GI eHealth<\/h4>\n\n\n\n<p>c\/o K\u00f6hler, St\u00fcdeli &amp; Partner GmbH<br\/>Amthausgasse 18, 3011 Berne<br\/> T<a href=\"tel:+413156000024\">031 560 00 24<\/a><\/p>\n\n\n\n<p>Walter St\u00fcdeli, directeur g\u00e9n\u00e9ral du GI eHealth<br\/><a href=\"mailto:walter.stuedeli@ig-ehealth.ch\" target=\"_blank\" rel=\"noreferrer noopener nofollow\">walter.stuedeli@ig-ehealth.ch<\/a><\/p>\n<\/div>\n\n\n\n<div class=\"wp-block-column is-layout-flow wp-block-column-is-layout-flow\">\n<figure class=\"wp-block-image size-full\" style=\"margin-top:var(--wp--preset--spacing--medium)\"><img decoding=\"async\" src=\"https:\/\/detrouble.ig-ehealth.ch\/wp-content\/uploads\/2025\/11\/entwicklung-neuer-digitaler-loesungen-im-gesund&#xAD;heits&#xAD;wesen.svg\" alt=\"Illustration symbolique du d&#xE9;veloppement de solutions num&#xE9;riques universelles dans le secteur de la sant&#xE9;\" class=\"wp-image-5046\"\/><\/figure>\n<\/div>\n<\/div>\n<\/div>\n<\/div>\n\n\n\n<hr class=\"wp-block-separator alignwide has-text-color has-custom-petrol-color has-alpha-channel-opacity has-custom-petrol-background-color has-background is-style-wide\"\/>\n\n\n\n<div class=\"wp-block-columns alignwide tw-cols-stack-md is-layout-flex wp-container-core-columns-is-layout-828bbef2 wp-block-columns-is-layout-flex\" style=\"padding-top:0\">\n<div class=\"wp-block-column is-layout-flow wp-block-column-is-layout-flow\" style=\"flex-basis:28.9%\"><\/div>\n\n\n\n<div class=\"wp-block-column is-layout-flow wp-block-column-is-layout-flow\" style=\"padding-top:0;flex-basis:60%\">\n<div class=\"wp-block-group alignwide is-layout-flow wp-block-group-is-layout-flow\">\n<h4 class=\"wp-block-heading has-custom-ig-e-health-dunkler-color has-text-color has-link-color wp-elements-74ecc01d6fb87406881f781185ee5ce3\" style=\"padding-top:var(--wp--preset--spacing--small);padding-bottom:var(--wp--preset--spacing--small)\"><a href=\"https:\/\/detrouble.ig-ehealth.ch\/fr\/organisation\/groupes-de-travail\/\" data-type=\"page\" data-id=\"2\">Lien vers les groupes de travail \u2192<\/a><\/h4>\n<\/div>\n<\/div>\n<\/div>\n<\/div>\n","protected":false},"excerpt":{"rendered":"<p>Les organes du GI eHealth sont responsables de la strat\u00e9gie et de sa mise en \u0153uvre. Organisation GI eHealth Pr\u00e9sidence et comit\u00e9 directeur Ressorts Conseil d&rsquo;administration S\u00e9cr\u00e9tariat g\u00e9n\u00e9ral GI eHealth c\/o K\u00f6hler, St\u00fcdeli &amp; Partner GmbHAmthausgasse 18, 3011 Berne T031 560 00 24 Walter St\u00fcdeli, directeur g\u00e9n\u00e9ral du GI eHealthwalter.stuedeli@ig-ehealth.ch Lien vers les groupes de [&hellip;]<\/p>\n","protected":false},"author":1,"featured_media":0,"parent":0,"menu_order":20,"comment_status":"closed","ping_status":"closed","template":"page-no-title","meta":{"footnotes":""},"class_list":["post-1333","page","type-page","status-publish","hentry"],"_links":{"self":[{"href":"https:\/\/detrouble.ig-ehealth.ch\/fr\/wp-json\/wp\/v2\/pages\/1333","targetHints":{"allow":["GET"]}}],"collection":[{"href":"https:\/\/detrouble.ig-ehealth.ch\/fr\/wp-json\/wp\/v2\/pages"}],"about":[{"href":"https:\/\/detrouble.ig-ehealth.ch\/fr\/wp-json\/wp\/v2\/types\/page"}],"author":[{"embeddable":true,"href":"https:\/\/detrouble.ig-ehealth.ch\/fr\/wp-json\/wp\/v2\/users\/1"}],"replies":[{"embeddable":true,"href":"https:\/\/detrouble.ig-ehealth.ch\/fr\/wp-json\/wp\/v2\/comments?post=1333"}],"version-history":[{"count":20,"href":"https:\/\/detrouble.ig-ehealth.ch\/fr\/wp-json\/wp\/v2\/pages\/1333\/revisions"}],"predecessor-version":[{"id":5373,"href":"https:\/\/detrouble.ig-ehealth.ch\/fr\/wp-json\/wp\/v2\/pages\/1333\/revisions\/5373"}],"wp:attachment":[{"href":"https:\/\/detrouble.ig-ehealth.ch\/fr\/wp-json\/wp\/v2\/media?parent=1333"}],"curies":[{"name":"wp","href":"https:\/\/api.w.org\/{rel}","templated":true}]}}